{"id":78,"date":"2025-12-08T17:00:45","date_gmt":"2025-12-08T16:00:45","guid":{"rendered":"https:\/\/dolomieuaucoeur.fr\/?page_id=78"},"modified":"2026-03-16T11:01:53","modified_gmt":"2026-03-16T10:01:53","slug":"accueil-2","status":"publish","type":"page","link":"https:\/\/dolomieuaucoeur.fr\/","title":{"rendered":"Accueil"},"content":{"rendered":"\t\t<div data-elementor-type=\"wp-page\" data-elementor-id=\"78\" class=\"elementor elementor-78\">\n\t\t\t\t<div class=\"elementor-element elementor-element-444d2ece e-flex e-con-boxed e-con e-parent\" data-id=\"444d2ece\" data-element_type=\"container\">\n\t\t\t\t\t<div class=\"e-con-inner\">\n\t\t\t\t<div class=\"elementor-element elementor-element-395492c8 elementor-widget elementor-widget-text-editor\" data-id=\"395492c8\" data-element_type=\"widget\" data-widget_type=\"text-editor.default\">\n\t\t\t\t\t\t\t\t\t<div class=\"xdj266r x14z9mp xat24cr x1lziwak x1vvkbs x126k92a\">\n<div dir=\"auto\"><span class=\"html-span xexx8yu xyri2b x18d9i69 x1c1uobl x1hl2dhg x16tdsg8 x1vvkbs x3nfvp2 x1j61x8r x1fcty0u xdj266r xat24cr xm2jcoa x1mpyi22 xxymvpz xlup9mm x1kky2od\"><img decoding=\"async\" class=\"xz74otr x15mokao x1ga7v0g x16uus16 xbiv7yw\" src=\"https:\/\/static.xx.fbcdn.net\/images\/emoji.php\/v9\/t1f\/2\/16\/1f64f.png\" alt=\"\ud83d\ude4f\" width=\"16\" height=\"16\" \/><\/span> Merci \u00e0 toutes et \u00e0 tous !<\/div>\n<div dir=\"auto\">\u00a0<\/div>\n<\/div>\n<div class=\"x14z9mp xat24cr x1lziwak x1vvkbs xtlvy1s x126k92a\">\n<div dir=\"auto\">Gr\u00e2ce \u00e0 votre confiance et \u00e0 votre mobilisation, notre \u00e9quipe remporte ces \u00e9lections avec 55 % des suffrages exprim\u00e9s, soit 826 voix, et 18 si\u00e8ges sur 23 au conseil municipal.<\/div>\n<div dir=\"auto\">\u00a0<\/div>\n<\/div>\n<div class=\"x14z9mp xat24cr x1lziwak x1vvkbs xtlvy1s x126k92a\">\n<div dir=\"auto\">Ce r\u00e9sultat est avant tout celui de tout un village qui s\u2019est mobilis\u00e9. Merci pour votre soutien, votre \u00e9nergie et votre confiance tout au long de cette campagne.<\/div>\n<div dir=\"auto\">\u00a0<\/div>\n<\/div>\n<div class=\"x14z9mp xat24cr x1lziwak x1vvkbs xtlvy1s x126k92a\">\n<div dir=\"auto\">Nous mesurons la responsabilit\u00e9 qui nous est confi\u00e9e et nous nous engageons \u00e0 travailler pour l\u2019ensemble des habitants, avec s\u00e9rieux, proximit\u00e9 et engagement.<\/div>\n<div dir=\"auto\">\u00a0<\/div>\n<\/div>\n<div class=\"x14z9mp xat24cr x1lziwak x1vvkbs xtlvy1s x126k92a\">\n<div dir=\"auto\">Encore merci \u00e0 chacun d\u2019entre vous. L\u2019aventure continue, ensemble, pour notre village !<\/div>\n<div dir=\"auto\"><span class=\"html-span xexx8yu xyri2b x18d9i69 x1c1uobl x1hl2dhg x16tdsg8 x1vvkbs x3nfvp2 x1j61x8r x1fcty0u xdj266r xat24cr xm2jcoa x1mpyi22 xxymvpz xlup9mm x1kky2od\"><img decoding=\"async\" class=\"xz74otr x15mokao x1ga7v0g x16uus16 xbiv7yw\" src=\"https:\/\/static.xx.fbcdn.net\/images\/emoji.php\/v9\/tb\/2\/16\/1f499.png\" alt=\"\ud83d\udc99\" width=\"16\" height=\"16\" \/><\/span><span class=\"html-span xexx8yu xyri2b x18d9i69 x1c1uobl x1hl2dhg x16tdsg8 x1vvkbs x3nfvp2 x1j61x8r x1fcty0u xdj266r xat24cr xm2jcoa x1mpyi22 xxymvpz xlup9mm x1kky2od\"><img decoding=\"async\" class=\"xz74otr x15mokao x1ga7v0g x16uus16 xbiv7yw\" src=\"https:\/\/static.xx.fbcdn.net\/images\/emoji.php\/v9\/tb4\/2\/16\/1f49b.png\" alt=\"\ud83d\udc9b\" width=\"16\" height=\"16\" \/><\/span><\/div>\n<\/div>\t\t\t\t\t\t\t\t<\/div>\n\t\t\t\t\t<\/div>\n\t\t\t\t<\/div>\n\t\t<div class=\"elementor-element elementor-element-788d9a0 e-flex e-con-boxed e-con e-parent\" data-id=\"788d9a0\" data-element_type=\"container\">\n\t\t\t\t\t<div class=\"e-con-inner\">\n\t\t\t\t<div class=\"elementor-element elementor-element-7338ee4 elementor-widget elementor-widget-image\" data-id=\"7338ee4\" data-element_type=\"widget\" data-widget_type=\"image.default\">\n\t\t\t\t\t\t\t\t\t\t\t\t\t\t\t<img loading=\"lazy\" decoding=\"async\" width=\"680\" height=\"510\" src=\"https:\/\/dolomieuaucoeur.fr\/wp-content\/uploads\/2026\/03\/fb0a7714-1026-44af-ad01-7e08b06f4a1130-1024x768.jpg\" class=\"attachment-large size-large wp-image-942\" alt=\"\" srcset=\"https:\/\/dolomieuaucoeur.fr\/wp-content\/uploads\/2026\/03\/fb0a7714-1026-44af-ad01-7e08b06f4a1130-1024x768.jpg 1024w, https:\/\/dolomieuaucoeur.fr\/wp-content\/uploads\/2026\/03\/fb0a7714-1026-44af-ad01-7e08b06f4a1130-300x225.jpg 300w, https:\/\/dolomieuaucoeur.fr\/wp-content\/uploads\/2026\/03\/fb0a7714-1026-44af-ad01-7e08b06f4a1130-768x576.jpg 768w, https:\/\/dolomieuaucoeur.fr\/wp-content\/uploads\/2026\/03\/fb0a7714-1026-44af-ad01-7e08b06f4a1130-1536x1152.jpg 1536w, https:\/\/dolomieuaucoeur.fr\/wp-content\/uploads\/2026\/03\/fb0a7714-1026-44af-ad01-7e08b06f4a1130.jpg 1600w\" sizes=\"(max-width: 680px) 100vw, 680px\" \/>\t\t\t\t\t\t\t\t\t\t\t\t\t\t\t<\/div>\n\t\t\t\t\t<\/div>\n\t\t\t\t<\/div>\n\t\t\t\t<\/div>\n\t\t","protected":false},"excerpt":{"rendered":"<p>Merci \u00e0 toutes et \u00e0 tous ! \u00a0 Gr\u00e2ce \u00e0 votre confiance et \u00e0 votre mobilisation, notre \u00e9quipe remporte ces [&hellip;]<\/p>\n","protected":false},"author":2,"featured_media":0,"parent":0,"menu_order":0,"comment_status":"closed","ping_status":"closed","template":"","meta":{"footnotes":""},"class_list":["post-78","page","type-page","status-publish","hentry"],"jetpack_sharing_enabled":true,"_links":{"self":[{"href":"https:\/\/dolomieuaucoeur.fr\/index.php\/wp-json\/wp\/v2\/pages\/78","targetHints":{"allow":["GET"]}}],"collection":[{"href":"https:\/\/dolomieuaucoeur.fr\/index.php\/wp-json\/wp\/v2\/pages"}],"about":[{"href":"https:\/\/dolomieuaucoeur.fr\/index.php\/wp-json\/wp\/v2\/types\/page"}],"author":[{"embeddable":true,"href":"https:\/\/dolomieuaucoeur.fr\/index.php\/wp-json\/wp\/v2\/users\/2"}],"replies":[{"embeddable":true,"href":"https:\/\/dolomieuaucoeur.fr\/index.php\/wp-json\/wp\/v2\/comments?post=78"}],"version-history":[{"count":61,"href":"https:\/\/dolomieuaucoeur.fr\/index.php\/wp-json\/wp\/v2\/pages\/78\/revisions"}],"predecessor-version":[{"id":948,"href":"https:\/\/dolomieuaucoeur.fr\/index.php\/wp-json\/wp\/v2\/pages\/78\/revisions\/948"}],"wp:attachment":[{"href":"https:\/\/dolomieuaucoeur.fr\/index.php\/wp-json\/wp\/v2\/media?parent=78"}],"curies":[{"name":"wp","href":"https:\/\/api.w.org\/{rel}","templated":true}]}}