{"id":191,"date":"2026-01-05T17:23:29","date_gmt":"2026-01-05T16:23:29","guid":{"rendered":"https:\/\/dolomieuaucoeur.fr\/?page_id=191"},"modified":"2026-02-10T18:02:21","modified_gmt":"2026-02-10T17:02:21","slug":"delphine-hartmann","status":"publish","type":"page","link":"https:\/\/dolomieuaucoeur.fr\/index.php\/delphine-hartmann\/","title":{"rendered":"Delphine HARTMANN"},"content":{"rendered":"\t\t<div data-elementor-type=\"wp-page\" data-elementor-id=\"191\" class=\"elementor elementor-191\">\n\t\t\t\t<div class=\"elementor-element elementor-element-93c41fb e-flex e-con-boxed e-con e-parent\" data-id=\"93c41fb\" data-element_type=\"container\">\n\t\t\t\t\t<div class=\"e-con-inner\">\n\t\t\t\t<div class=\"elementor-element elementor-element-eab091e elementor-widget elementor-widget-text-editor\" data-id=\"eab091e\" data-element_type=\"widget\" data-widget_type=\"text-editor.default\">\n\t\t\t\t\t\t\t\t\t<p>D\u00e9couvrez en vid\u00e9o le portrait de Delphine HARTMANN, t\u00eate de liste pour Dolomieu au coeur.<\/p>\t\t\t\t\t\t\t\t<\/div>\n\t\t\t\t\t<\/div>\n\t\t\t\t<\/div>\n\t\t<div class=\"elementor-element elementor-element-7b3ce7d e-flex e-con-boxed e-con e-parent\" data-id=\"7b3ce7d\" data-element_type=\"container\">\n\t\t\t\t\t<div class=\"e-con-inner\">\n\t\t\t\t<div class=\"elementor-element elementor-element-65b939d elementor-widget elementor-widget-video\" data-id=\"65b939d\" data-element_type=\"widget\" data-settings=\"{&quot;video_type&quot;:&quot;hosted&quot;,&quot;controls&quot;:&quot;yes&quot;}\" data-widget_type=\"video.default\">\n\t\t\t\t\t\t\t<div class=\"e-hosted-video elementor-wrapper elementor-open-inline\">\n\t\t\t\t\t<video class=\"elementor-video\" src=\"http:\/\/dolomieuaucoeur.fr\/wp-content\/uploads\/2026\/01\/3ab18dbf-863c-4121-b6f3-82a4c92c7b45.mp4\" controls=\"\" preload=\"metadata\" controlsList=\"nodownload\"><\/video>\n\t\t\t\t<\/div>\n\t\t\t\t\t\t<\/div>\n\t\t\t\t\t<\/div>\n\t\t\t\t<\/div>\n\t\t<div class=\"elementor-element elementor-element-17b8240 e-flex e-con-boxed e-con e-parent\" data-id=\"17b8240\" data-element_type=\"container\">\n\t\t\t\t\t<div class=\"e-con-inner\">\n\t\t\t\t<div class=\"elementor-element elementor-element-4667b93 elementor-widget elementor-widget-video\" data-id=\"4667b93\" data-element_type=\"widget\" data-settings=\"{&quot;video_type&quot;:&quot;hosted&quot;,&quot;controls&quot;:&quot;yes&quot;}\" data-widget_type=\"video.default\">\n\t\t\t\t\t\t\t<div class=\"e-hosted-video elementor-wrapper elementor-open-inline\">\n\t\t\t\t\t<video class=\"elementor-video\" src=\"http:\/\/dolomieuaucoeur.fr\/wp-content\/uploads\/2026\/01\/44a54e4b-beaf-4198-a508-d77ab7653fff97.mp4\" controls=\"\" preload=\"metadata\" controlsList=\"nodownload\"><\/video>\n\t\t\t\t<\/div>\n\t\t\t\t\t\t<\/div>\n\t\t\t\t\t<\/div>\n\t\t\t\t<\/div>\n\t\t<div class=\"elementor-element elementor-element-7445f71 e-flex e-con-boxed e-con e-parent\" data-id=\"7445f71\" data-element_type=\"container\">\n\t\t\t\t\t<div class=\"e-con-inner\">\n\t\t\t\t<div class=\"elementor-element elementor-element-a2a9a4b elementor-widget elementor-widget-video\" data-id=\"a2a9a4b\" data-element_type=\"widget\" data-settings=\"{&quot;video_type&quot;:&quot;hosted&quot;,&quot;controls&quot;:&quot;yes&quot;}\" data-widget_type=\"video.default\">\n\t\t\t\t\t\t\t<div class=\"e-hosted-video elementor-wrapper elementor-open-inline\">\n\t\t\t\t\t<video class=\"elementor-video\" src=\"http:\/\/dolomieuaucoeur.fr\/wp-content\/uploads\/2026\/02\/7431316e-b692-4191-bcf9-bb9bd21dd82616.mp4\" controls=\"\" preload=\"metadata\" controlsList=\"nodownload\"><\/video>\n\t\t\t\t<\/div>\n\t\t\t\t\t\t<\/div>\n\t\t\t\t\t<\/div>\n\t\t\t\t<\/div>\n\t\t\t\t<\/div>\n\t\t","protected":false},"excerpt":{"rendered":"<p>D\u00e9couvrez en vid\u00e9o le portrait de Delphine HARTMANN, t\u00eate de liste pour Dolomieu au coeur. http:\/\/dolomieuaucoeur.fr\/wp-content\/uploads\/2026\/01\/3ab18dbf-863c-4121-b6f3-82a4c92c7b45.mp4http:\/\/dolomieuaucoeur.fr\/wp-content\/uploads\/2026\/01\/44a54e4b-beaf-4198-a508-d77ab7653fff97.mp4http:\/\/dolomieuaucoeur.fr\/wp-content\/uploads\/2026\/02\/7431316e-b692-4191-bcf9-bb9bd21dd82616.mp4<\/p>\n","protected":false},"author":2,"featured_media":0,"parent":0,"menu_order":0,"comment_status":"closed","ping_status":"closed","template":"","meta":{"footnotes":""},"class_list":["post-191","page","type-page","status-publish","hentry"],"jetpack_sharing_enabled":true,"_links":{"self":[{"href":"https:\/\/dolomieuaucoeur.fr\/index.php\/wp-json\/wp\/v2\/pages\/191","targetHints":{"allow":["GET"]}}],"collection":[{"href":"https:\/\/dolomieuaucoeur.fr\/index.php\/wp-json\/wp\/v2\/pages"}],"about":[{"href":"https:\/\/dolomieuaucoeur.fr\/index.php\/wp-json\/wp\/v2\/types\/page"}],"author":[{"embeddable":true,"href":"https:\/\/dolomieuaucoeur.fr\/index.php\/wp-json\/wp\/v2\/users\/2"}],"replies":[{"embeddable":true,"href":"https:\/\/dolomieuaucoeur.fr\/index.php\/wp-json\/wp\/v2\/comments?post=191"}],"version-history":[{"count":19,"href":"https:\/\/dolomieuaucoeur.fr\/index.php\/wp-json\/wp\/v2\/pages\/191\/revisions"}],"predecessor-version":[{"id":686,"href":"https:\/\/dolomieuaucoeur.fr\/index.php\/wp-json\/wp\/v2\/pages\/191\/revisions\/686"}],"wp:attachment":[{"href":"https:\/\/dolomieuaucoeur.fr\/index.php\/wp-json\/wp\/v2\/media?parent=191"}],"curies":[{"name":"wp","href":"https:\/\/api.w.org\/{rel}","templated":true}]}}